{"id":26,"date":"2024-09-05T14:34:40","date_gmt":"2024-09-05T12:34:40","guid":{"rendered":"https:\/\/verry-3d.cz\/?page_id=26"},"modified":"2024-09-10T22:47:02","modified_gmt":"2024-09-10T20:47:02","slug":"o-nas","status":"publish","type":"page","link":"https:\/\/verry-3d.cz\/?page_id=26","title":{"rendered":"O n\u00e1s &#8211; vytv\u00e1\u0159\u00edme budoucnost s 3D tiskem"},"content":{"rendered":"\n<pre class=\"wp-block-preformatted\">Inovativn\u00ed 3D tiskov\u00e9 slu\u017eby pro ka\u017ed\u00e9ho \u2013 od jednotlivc\u016f po podniky.<\/pre>\n\n\n\n<p>Ve Verry 3D se specializujeme na poskytov\u00e1n\u00ed vysoce kvalitn\u00edch 3D tiskov\u00fdch \u0159e\u0161en\u00ed. Na\u0161e modern\u00ed technologie a zku\u0161enosti v\u00e1m pomohou p\u0159etvo\u0159it va\u0161e n\u00e1pady na realitu. A\u0165 u\u017e pot\u0159ebujete prototypy, funk\u010dn\u00ed d\u00edly nebo personalizovan\u00e9 produkty, jsme tu pro v\u00e1s!<\/p>\n\n\n\n<figure class=\"wp-block-image size-large\"><img loading=\"lazy\" decoding=\"async\" width=\"1024\" height=\"1024\" src=\"https:\/\/verry-3d.cz\/wp-content\/uploads\/2024\/09\/prusa-printer-1024x1024.jpg\" alt=\"\" class=\"wp-image-84\" srcset=\"https:\/\/verry-3d.cz\/wp-content\/uploads\/2024\/09\/prusa-printer-1024x1024.jpg 1024w, https:\/\/verry-3d.cz\/wp-content\/uploads\/2024\/09\/prusa-printer-300x300.jpg 300w, https:\/\/verry-3d.cz\/wp-content\/uploads\/2024\/09\/prusa-printer-150x150.jpg 150w, https:\/\/verry-3d.cz\/wp-content\/uploads\/2024\/09\/prusa-printer-768x768.jpg 768w, https:\/\/verry-3d.cz\/wp-content\/uploads\/2024\/09\/prusa-printer-1170x1170.jpg 1170w, https:\/\/verry-3d.cz\/wp-content\/uploads\/2024\/09\/prusa-printer.jpg 1500w\" sizes=\"auto, (max-width: 1024px) 100vw, 1024px\" \/><\/figure>\n\n\n\n<p>Jsme t\u00fdm nad\u0161en\u00fd do 3D tisku a na\u0161im c\u00edlem je p\u0159in\u00e9st nejnov\u011bj\u0161\u00ed technologie a inovace na va\u0161e projekty. Na\u0161e zku\u0161enosti a v\u00e1\u0161e\u0148 pro 3D tisk n\u00e1m umo\u017e\u0148uj\u00ed poskytovat \u0159e\u0161en\u00ed, kter\u00e1 odpov\u00eddaj\u00ed va\u0161im specifick\u00fdm pot\u0159eb\u00e1m. Od prvotn\u00edch n\u00e1vrh\u016f po fin\u00e1ln\u00ed produkty \u2013 jsme va\u0161\u00edm partnerem na ka\u017ed\u00e9m kroku.<\/p>\n","protected":false},"excerpt":{"rendered":"<p>Inovativn\u00ed 3D tiskov\u00e9 slu\u017eby pro ka\u017ed\u00e9ho \u2013 od jednotlivc\u016f po podniky. Ve Verry 3D se specializujeme na poskytov\u00e1n\u00ed vysoce kvalitn\u00edch 3D tiskov\u00fdch \u0159e\u0161en\u00ed. Na\u0161e modern\u00ed technologie a zku\u0161enosti v\u00e1m pomohou p\u0159etvo\u0159it va\u0161e n\u00e1pady na realitu. A\u0165 u\u017e pot\u0159ebujete prototypy, funk\u010dn\u00ed d\u00edly nebo personalizovan\u00e9 produkty, jsme tu pro v\u00e1s! Jsme t\u00fdm nad\u0161en\u00fd do 3D tisku a [&hellip;]<\/p>\n","protected":false},"author":1,"featured_media":0,"parent":0,"menu_order":0,"comment_status":"closed","ping_status":"closed","template":"","meta":{"footnotes":""},"class_list":["post-26","page","type-page","status-publish","hentry"],"_links":{"self":[{"href":"https:\/\/verry-3d.cz\/index.php?rest_route=\/wp\/v2\/pages\/26","targetHints":{"allow":["GET"]}}],"collection":[{"href":"https:\/\/verry-3d.cz\/index.php?rest_route=\/wp\/v2\/pages"}],"about":[{"href":"https:\/\/verry-3d.cz\/index.php?rest_route=\/wp\/v2\/types\/page"}],"author":[{"embeddable":true,"href":"https:\/\/verry-3d.cz\/index.php?rest_route=\/wp\/v2\/users\/1"}],"replies":[{"embeddable":true,"href":"https:\/\/verry-3d.cz\/index.php?rest_route=%2Fwp%2Fv2%2Fcomments&post=26"}],"version-history":[{"count":4,"href":"https:\/\/verry-3d.cz\/index.php?rest_route=\/wp\/v2\/pages\/26\/revisions"}],"predecessor-version":[{"id":96,"href":"https:\/\/verry-3d.cz\/index.php?rest_route=\/wp\/v2\/pages\/26\/revisions\/96"}],"wp:attachment":[{"href":"https:\/\/verry-3d.cz\/index.php?rest_route=%2Fwp%2Fv2%2Fmedia&parent=26"}],"curies":[{"name":"wp","href":"https:\/\/api.w.org\/{rel}","templated":true}]}}