{"id":22,"date":"2024-09-05T14:34:11","date_gmt":"2024-09-05T12:34:11","guid":{"rendered":"https:\/\/verry-3d.cz\/?page_id=22"},"modified":"2024-09-12T09:48:29","modified_gmt":"2024-09-12T07:48:29","slug":"sluzby-a-cenik","status":"publish","type":"page","link":"https:\/\/verry-3d.cz\/?page_id=22","title":{"rendered":"Slu\u017eby"},"content":{"rendered":"\n<p>Nab\u00edz\u00edme \u0161irokou \u0161k\u00e1lu 3D tiskov\u00fdch slu\u017eeb, kter\u00e9 zahrnuj\u00ed:<\/p>\n\n\n\n<ul class=\"wp-block-list\">\n<li><strong>Prototypov\u00e1n\u00ed:<\/strong> Rychl\u00e1 a efektivn\u00ed v\u00fdroba prototyp\u016f pro testov\u00e1n\u00ed a ov\u011b\u0159en\u00ed va\u0161ich n\u00e1vrh\u016f.<\/li>\n\n\n\n<li><strong>V\u00fdroba d\u00edl\u016f:<\/strong> P\u0159esn\u00e9 a kvalitn\u00ed d\u00edly pro r\u016fzn\u00e9 aplikace \u2013 od funk\u010dn\u00edch komponent\u016f po estetick\u00e9 prvky. Zvl\u00e1d\u00e1me s\u00e9rie od jednoho kusu a\u017e po st\u0159edn\u00ed s\u00e9rie (s\u00e9rie v tis\u00edc\u00edch kus\u016f p\u0159enech\u00e1me vst\u0159ikolis\u016fm \ud83d\ude09<\/li>\n\n\n\n<li><strong>Individualizace:<\/strong> Vytv\u00e1\u0159\u00edme jedine\u010dn\u00e9, na m\u00edru \u0161it\u00e9 produkty podle va\u0161ich po\u017eadavk\u016f.<\/li>\n\n\n\n<li><strong>Personalizace:<\/strong> Pot\u0159ebujete d\u00e1rek se jm\u00e9nem obdarovan\u00e9ho anebo firmy &#8211; i tady r\u00e1di pom\u016f\u017eeme<\/li>\n\n\n\n<li><strong>Konzultace a n\u00e1vrh:<\/strong> Pomoc p\u0159i n\u00e1vrhu a optimalizaci va\u0161ich projekt\u016f pro 3D tisk. V\u0161e od optimalizace pro tisk a\u017e po celkov\u00fd n\u00e1vrh v profesion\u00e1ln\u00edm 3D programu.<\/li>\n\n\n\n<li><strong>Opakovatelnost a archivace: <\/strong>U v\u0161ech zak\u00e1zek archivujeme 3D i tiskov\u00e9 soubory a to v\u010detn\u011b parametr\u016f tisku a p\u0159esn\u00e9ho materi\u00e1lu, abychom mohli lehce a flexibiln\u011b dotisknout dal\u0161\u00ed s\u00e9rie<\/li>\n<\/ul>\n\n\n\n<h2 class=\"wp-block-heading\">Cen\u00edk<\/h2>\n\n\n\n<ul class=\"wp-block-list\">\n<li>3D tisk je velice individu\u00e1ln\u00edm oborem a lze jen velice t\u011b\u017ece ur\u010dit p\u0159esnou cenu ani\u017e bychom znali podrobnosti v\u00fdrobku. Jak\u00e9kolik dotazy ale r\u00e1di zodpov\u00edme a to i v\u010detn\u011b cenov\u00e9 nab\u00eddky.<\/li>\n<\/ul>\n\n\n\n<p>Kontakty a kontaktn\u00ed formul\u00e1\u0159 najdete <a href=\"https:\/\/verry-3d.cz\/?page_id=20\" data-type=\"page\" data-id=\"20\">TADY<\/a><\/p>\n","protected":false},"excerpt":{"rendered":"<p>Nab\u00edz\u00edme \u0161irokou \u0161k\u00e1lu 3D tiskov\u00fdch slu\u017eeb, kter\u00e9 zahrnuj\u00ed: Cen\u00edk Kontakty a kontaktn\u00ed formul\u00e1\u0159 najdete TADY<\/p>\n","protected":false},"author":1,"featured_media":0,"parent":0,"menu_order":0,"comment_status":"closed","ping_status":"closed","template":"","meta":{"footnotes":""},"class_list":["post-22","page","type-page","status-publish","hentry"],"_links":{"self":[{"href":"https:\/\/verry-3d.cz\/index.php?rest_route=\/wp\/v2\/pages\/22","targetHints":{"allow":["GET"]}}],"collection":[{"href":"https:\/\/verry-3d.cz\/index.php?rest_route=\/wp\/v2\/pages"}],"about":[{"href":"https:\/\/verry-3d.cz\/index.php?rest_route=\/wp\/v2\/types\/page"}],"author":[{"embeddable":true,"href":"https:\/\/verry-3d.cz\/index.php?rest_route=\/wp\/v2\/users\/1"}],"replies":[{"embeddable":true,"href":"https:\/\/verry-3d.cz\/index.php?rest_route=%2Fwp%2Fv2%2Fcomments&post=22"}],"version-history":[{"count":4,"href":"https:\/\/verry-3d.cz\/index.php?rest_route=\/wp\/v2\/pages\/22\/revisions"}],"predecessor-version":[{"id":103,"href":"https:\/\/verry-3d.cz\/index.php?rest_route=\/wp\/v2\/pages\/22\/revisions\/103"}],"wp:attachment":[{"href":"https:\/\/verry-3d.cz\/index.php?rest_route=%2Fwp%2Fv2%2Fmedia&parent=22"}],"curies":[{"name":"wp","href":"https:\/\/api.w.org\/{rel}","templated":true}]}}