{"id":20,"date":"2024-09-05T14:33:49","date_gmt":"2024-09-05T12:33:49","guid":{"rendered":"https:\/\/verry-3d.cz\/?page_id=20"},"modified":"2024-09-12T09:19:36","modified_gmt":"2024-09-12T07:19:36","slug":"kontakt","status":"publish","type":"page","link":"https:\/\/verry-3d.cz\/?page_id=20","title":{"rendered":"Kontaktujte n\u00e1s"},"content":{"rendered":"\n<p>M\u00e1te dotazy nebo pot\u0159ebujete v\u00edce informac\u00ed? Nev\u00e1hejte n\u00e1s kontaktovat prost\u0159ednictv\u00edm n\u00e1sleduj\u00edc\u00edch kan\u00e1l\u016f:<\/p>\n\n\n\n<ul class=\"wp-block-list\">\n<li><strong>Telefon:<\/strong> +420 702 251775<\/li>\n\n\n\n<li><strong>Email:<\/strong> info@verry-3d.cz<\/li>\n<\/ul>\n\n\n\n<p><strong>Kontaktn\u00ed formul\u00e1\u0159:<\/strong> <\/p>\n\n\n\n<div class=\"wp-block-contact-form-7-contact-form-selector\">\n<div class=\"wpcf7 no-js\" id=\"wpcf7-f99-o1\" lang=\"cs-CZ\" dir=\"ltr\">\n<div class=\"screen-reader-response\"><p role=\"status\" aria-live=\"polite\" aria-atomic=\"true\"><\/p> <ul><\/ul><\/div>\n<form action=\"\/index.php?rest_route=%2Fwp%2Fv2%2Fpages%2F20#wpcf7-f99-o1\" method=\"post\" class=\"wpcf7-form init\" aria-label=\"Kontaktn\u00ed formul\u00e1\u0159\" novalidate=\"novalidate\" data-status=\"init\">\n<div style=\"display: none;\">\n<input type=\"hidden\" name=\"_wpcf7\" value=\"99\" \/>\n<input type=\"hidden\" name=\"_wpcf7_version\" value=\"5.9.8\" \/>\n<input type=\"hidden\" name=\"_wpcf7_locale\" value=\"cs_CZ\" \/>\n<input type=\"hidden\" name=\"_wpcf7_unit_tag\" value=\"wpcf7-f99-o1\" \/>\n<input type=\"hidden\" name=\"_wpcf7_container_post\" value=\"0\" \/>\n<input type=\"hidden\" name=\"_wpcf7_posted_data_hash\" value=\"\" \/>\n<\/div>\n<label> Va\u0161e jm\u00e9no\n    <span class=\"wpcf7-form-control-wrap\" data-name=\"your-name\"><input size=\"40\" maxlength=\"400\" class=\"wpcf7-form-control wpcf7-text wpcf7-validates-as-required\" autocomplete=\"name\" aria-required=\"true\" aria-invalid=\"false\" value=\"\" type=\"text\" name=\"your-name\" \/><\/span> <\/label>\n\n<label> V\u00e1\u0161 e-mail\n    <span class=\"wpcf7-form-control-wrap\" data-name=\"your-email\"><input size=\"40\" maxlength=\"400\" class=\"wpcf7-form-control wpcf7-email wpcf7-validates-as-required wpcf7-text wpcf7-validates-as-email\" autocomplete=\"email\" aria-required=\"true\" aria-invalid=\"false\" value=\"\" type=\"email\" name=\"your-email\" \/><\/span> <\/label>\n\n<label> P\u0159edm\u011bt\n    <span class=\"wpcf7-form-control-wrap\" data-name=\"your-subject\"><input size=\"40\" maxlength=\"400\" class=\"wpcf7-form-control wpcf7-text wpcf7-validates-as-required\" aria-required=\"true\" aria-invalid=\"false\" value=\"\" type=\"text\" name=\"your-subject\" \/><\/span> <\/label>\n\n<label> Va\u0161e zpr\u00e1va (voliteln\u00fd)\n    <span class=\"wpcf7-form-control-wrap\" data-name=\"your-message\"><textarea cols=\"40\" rows=\"10\" maxlength=\"2000\" class=\"wpcf7-form-control wpcf7-textarea\" aria-invalid=\"false\" name=\"your-message\"><\/textarea><\/span> <\/label>\n\n<input class=\"wpcf7-form-control wpcf7-submit has-spinner\" type=\"submit\" value=\"Odeslat\" \/><div class=\"wpcf7-response-output\" aria-hidden=\"true\"><\/div>\n<\/form>\n<\/div>\n<\/div>\n","protected":false},"excerpt":{"rendered":"<p>M\u00e1te dotazy nebo pot\u0159ebujete v\u00edce informac\u00ed? Nev\u00e1hejte n\u00e1s kontaktovat prost\u0159ednictv\u00edm n\u00e1sleduj\u00edc\u00edch kan\u00e1l\u016f: Kontaktn\u00ed formul\u00e1\u0159:<\/p>\n","protected":false},"author":1,"featured_media":0,"parent":0,"menu_order":0,"comment_status":"closed","ping_status":"closed","template":"","meta":{"footnotes":""},"class_list":["post-20","page","type-page","status-publish","hentry"],"_links":{"self":[{"href":"https:\/\/verry-3d.cz\/index.php?rest_route=\/wp\/v2\/pages\/20","targetHints":{"allow":["GET"]}}],"collection":[{"href":"https:\/\/verry-3d.cz\/index.php?rest_route=\/wp\/v2\/pages"}],"about":[{"href":"https:\/\/verry-3d.cz\/index.php?rest_route=\/wp\/v2\/types\/page"}],"author":[{"embeddable":true,"href":"https:\/\/verry-3d.cz\/index.php?rest_route=\/wp\/v2\/users\/1"}],"replies":[{"embeddable":true,"href":"https:\/\/verry-3d.cz\/index.php?rest_route=%2Fwp%2Fv2%2Fcomments&post=20"}],"version-history":[{"count":4,"href":"https:\/\/verry-3d.cz\/index.php?rest_route=\/wp\/v2\/pages\/20\/revisions"}],"predecessor-version":[{"id":100,"href":"https:\/\/verry-3d.cz\/index.php?rest_route=\/wp\/v2\/pages\/20\/revisions\/100"}],"wp:attachment":[{"href":"https:\/\/verry-3d.cz\/index.php?rest_route=%2Fwp%2Fv2%2Fmedia&parent=20"}],"curies":[{"name":"wp","href":"https:\/\/api.w.org\/{rel}","templated":true}]}}